{"id":439,"date":"2025-07-10T09:19:23","date_gmt":"2025-07-10T06:19:23","guid":{"rendered":"https:\/\/sitetestaccount.wordpress.com\/?page_id=363"},"modified":"2025-08-26T14:02:14","modified_gmt":"2025-08-26T14:02:14","slug":"book-a-trial-class","status":"publish","type":"page","link":"https:\/\/itfocusacademy.cz\/cz\/book-a-trial-class\/","title":{"rendered":"<br>Rezervujte si zku\u0161ebn\u00ed hodinu!"},"content":{"rendered":"<div class=\"wp-block-group alignfull has-background has-global-padding is-content-justification-center is-layout-constrained wp-block-group-is-layout-constrained\" style=\"background-color:#ea3d00;margin-top:0;margin-bottom:0;padding-top:var(--wp--preset--spacing--40);padding-bottom:var(--wp--preset--spacing--40)\">\n<div class=\"wp-block-group has-global-padding is-layout-constrained wp-container-core-group-is-layout-f44438b0 wp-block-group-is-layout-constrained\">\n<div class=\"wp-block-group alignwide is-vertical is-content-justification-center is-layout-flex wp-container-core-group-is-layout-ce155fab wp-block-group-is-layout-flex\">\n<p><\/p>\n<\/div>\n\n\n\n<!DOCTYPE html>\n<html lang=\"en\">\n<head>\n    <meta charset=\"UTF-8\">\n    <meta name=\"viewport\" content=\"width=device-width, initial-scale=1.0\">\n    <title>Contact Form &#8211; HubSpot Integration<\/title>\n    <style>\n        \/* Contact Form Styles *\/\n        .contact-form-container {\n            max-width: 400px;\n            margin: 0 auto;\n            padding: 30px;\n            background: #ffffff;\n            border-radius: 12px;\n            box-shadow: 0 8px 32px rgba(0, 0, 0, 0.1);\n            font-family: -apple-system, BlinkMacSystemFont, 'Segoe UI', Roboto, sans-serif;\n        }\n\n        .contact-form-container h2 {\n            color: #333;\n            margin-bottom: 24px;\n            font-size: 24px;\n            font-weight: 600;\n            text-align: center;\n        }\n\n        .form-group {\n            margin-bottom: 20px;\n        }\n\n        .form-group label {\n            display: block;\n            margin-bottom: 8px;\n            color: #555;\n            font-weight: 500;\n            font-size: 14px;\n        }\n\n        .form-group input,\n        .form-group textarea {\n            width: 100%;\n            padding: 12px 16px;\n            border: 2px solid #e1e5e9;\n            border-radius: 8px;\n            font-size: 16px;\n            transition: border-color 0.3s ease, box-shadow 0.3s ease;\n            box-sizing: border-box;\n            font-family: inherit;\n        }\n\n        .form-group input:focus,\n        .form-group textarea:focus {\n            outline: none;\n            border-color: #f4b942;\n            box-shadow: 0 0 0 3px rgba(244, 185, 66, 0.1);\n        }\n\n        .form-group textarea {\n            resize: vertical;\n            min-height: 120px;\n        }\n\n        .submit-btn {\n            width: 100%;\n            padding: 14px 24px;\n            background: #EA3D00;\n            color: white;\n            border: none;\n            border-radius: 8px;\n            font-size: 16px;\n            font-weight: 600;\n            cursor: pointer;\n            transition: all 0.3s ease;\n            text-transform: uppercase;\n            letter-spacing: 0.5px;\n        }\n\n        .submit-btn:hover {\n            background: #d63400;\n            transform: translateY(-2px);\n            box-shadow: 0 4px 16px rgba(234, 61, 0, 0.4);\n        }\n\n        .submit-btn:active {\n            transform: translateY(0);\n        }\n\n        .submit-btn:disabled {\n            background: #ccc;\n            cursor: not-allowed;\n            transform: none;\n        }\n\n        \/* Required field indicator *\/\n        .required {\n            color: #e74c3c;\n        }\n\n        \/* Form validation styles *\/\n        .form-group input:invalid,\n        .form-group textarea:invalid {\n            border-color: #e74c3c;\n        }\n\n        .form-group input:valid,\n        .form-group textarea:valid {\n            border-color: #EA3D00;\n        }\n\n        \/* Success\/Error messages *\/\n        .message {\n            padding: 12px;\n            border-radius: 8px;\n            margin-bottom: 20px;\n            font-weight: 500;\n        }\n\n        .success {\n            background-color: #d4edda;\n            color: #155724;\n            border: 1px solid #c3e6cb;\n        }\n\n        .error {\n            background-color: #f8d7da;\n            color: #721c24;\n            border: 1px solid #f5c6cb;\n        }\n\n        \/* Checkbox styles *\/\n        .checkbox-group {\n            margin-top: 30px;\n            padding-top: 20px;\n            border-top: 1px solid #e1e5e9;\n        }\n\n        .checkbox-item {\n            display: flex;\n            align-items: center;\n            margin-bottom: 15px;\n            cursor: pointer;\n        }\n\n        .checkbox-item input[type=\"checkbox\"] {\n            width: 18px;\n            height: 18px;\n            margin-right: 12px;\n            cursor: pointer;\n            accent-color: #EA3D00;\n        }\n\n        .checkbox-item label {\n            color: #555;\n            font-size: 14px;\n            font-weight: 400;\n            cursor: pointer;\n            margin-bottom: 0;\n        }\n\n        \/* Responsive design *\/\n        @media (max-width: 768px) {\n            .contact-form-container {\n                padding: 20px;\n                margin: 0 16px;\n            }\n            \n            .contact-form-container h2 {\n                font-size: 20px;\n            }\n        }\n\n        \/* For WordPress integration - you can wrap this in a specific class *\/\n        .wordpress-contact-form {\n            background: transparent;\n            box-shadow: none;\n            padding: 0;\n        }\n    <\/style>\n<\/head>\n<body>\n    <div class=\"contact-form-container\">\n        <h2>Kontaktujte n\u00e1s<\/h2>\n        \n        <div id=\"message-container\"><\/div>\n        \n        <form id=\"contact-form\" action=\"\">\n            <div class=\"form-group\">\n                <label for=\"name\">Cel\u00e9 jm\u00e9no <span class=\"required\">*<\/span><\/label>\n                <input type=\"text\" id=\"name\" name=\"firstname\" required>\n            <\/div>\n            \n            <div class=\"form-group\">\n                <label for=\"email\">E-mailov\u00e1 adresa <span class=\"required\">*<\/span><\/label>\n                <input type=\"email\" id=\"email\" name=\"email\" required>\n            <\/div>\n\n            <div class=\"form-group\">\n                <label for=\"phone\">Phone Number<\/label>\n                <input type=\"tel\" id=\"phone\" name=\"phone\" placeholder=\"(123) 456-7890\" required>\n            <\/div>\n            \n            <div class=\"form-group\">\n                <label for=\"message\">Zpr\u00e1va <span class=\"required\">*<\/span><\/label>\n                <textarea id=\"message\" name=\"message\" placeholder=\"\u0158ekn\u011bte n\u00e1m, jak v\u00e1m m\u016f\u017eeme pomoci...\" required><\/textarea>\n            <\/div>\n            \n            <button type=\"submit\" class=\"submit-btn\" id=\"submit-btn\">Odeslat zpr\u00e1vu<\/button>\n            <div class=\"checkbox-group\">\n            <div class=\"checkbox-item\">\n                <input type=\"checkbox\" id=\"checkbox1\" name=\"checkbox1\" required>\n                <label for=\"checkbox1\">Beru na v\u011bdom\u00ed <a href=\"https:\/\/itfocusacademy.cz\/wp-content\/uploads\/2025\/08\/Beru-na-vedomi-Zasady-zpracovani-osobnich-udaju.pdf\">Z\u00e1sady zpracov\u00e1n\u00ed osobn\u00edch \u00fadaj\u016f<\/a><\/label>\n            <\/div>\n            <div class=\"checkbox-item\">\n                <input type=\"checkbox\" id=\"checkbox2\" name=\"checkbox2\">\n                <label for=\"checkbox2\">Chci dost\u00e1vat novinky a nab\u00eddky e-mailem<\/label>\n            <\/div>\n        <\/div>\n        <input type=\"hidden\" name=\"trp-form-language\" value=\"cz\"\/><\/form>\n\n        \n    <\/div>\n\n    <!-- HubSpot Forms Script -->\n    <script src=\"https:\/\/js-eu1.hsforms.net\/forms\/embed\/146644271.js\" defer><\/script>\n\n    <script>\n        \/\/ HubSpot Form Integration\n        document.getElementById('contact-form').addEventListener('submit', async function(e) {\n            e.preventDefault();\n            \n            const submitBtn = document.getElementById('submit-btn');\n            const messageContainer = document.getElementById('message-container');\n            \n            \/\/ Disable submit button\n            submitBtn.disabled = true;\n            submitBtn.textContent = 'Sending...';\n            \n            \/\/ Clear previous messages\n            messageContainer.innerHTML = '';\n            \n            \/\/ Get form data\n            const formData = new FormData(this);\n            const data = Object.fromEntries(formData);\n            \n            \/\/ Get checkbox values\n            const checkboxes = [];\n            if (document.getElementById('checkbox1').checked) checkboxes.push('Checkbox 1');\n            if (document.getElementById('checkbox2').checked) checkboxes.push('Checkbox 2');\n            \n            try {\n                \/\/ Updated HubSpot credentials\n                const portalId = '146644271';\n                const formGuid = 'd23ccaef-d9f1-48b0-a7fd-88f613fc378d';\n                \n                \/\/ Use HubSpot's EU1 region CORS-enabled endpoint\n                const submitData = new URLSearchParams();\n                submitData.append('firstname', data.firstname);\n                submitData.append('email', data.email);\n                submitData.append('phone', data.phone || ''); \/\/ Include phone field\n                submitData.append('message', data.message);\n                \n                \/\/ Add checkbox data to message or as separate field\n                if (checkboxes.length > 0) {\n                    submitData.append('selected_options', checkboxes.join(', '));\n                }\n                \n                submitData.append('hs_context', JSON.stringify({\n                    pageUri: window.location.href,\n                    pageName: document.title\n                }));\n\n                \/\/ Updated endpoint URL for EU1 region\n                const response = await fetch(`https:\/\/forms-eu1.hubspot.com\/uploads\/form\/v2\/${portalId}\/${formGuid}`, {\n                    method: 'POST',\n                    headers: {\n                        'Content-Type': 'application\/x-www-form-urlencoded',\n                    },\n                    body: submitData\n                });\n                \n                if (response.ok) {\n                    messageContainer.innerHTML = '<div class=\"message success\">Thank you! Your message has been sent successfully.<\/div>';\n                    this.reset();\n                    \/\/ Reset checkboxes\n                    document.getElementById('checkbox1').checked = false;\n                    document.getElementById('checkbox2').checked = false;\n                } else {\n                    throw new Error('Form submission failed');\n                }\n                \n            } catch (error) {\n                console.error('Error:', error);\n                messageContainer.innerHTML = '<div class=\"message error\">Sorry, there was an error sending your message. Please try again.<\/div>';\n            } finally {\n                \/\/ Re-enable submit button\n                submitBtn.disabled = false;\n                submitBtn.textContent = 'Send Message';\n            }\n        });\n    <\/script>\n<\/body>\n<\/html>\n<\/div>\n<\/div>","protected":false},"excerpt":{"rendered":"<p>Contact Form &#8211; HubSpot Integration Contact Us Full Name * Email Address * Phone Number Message * Send Message Beru na v\u011bdom\u00ed Z\u00e1sady zpracov\u00e1n\u00ed osobn\u00edch \u00fadaj\u016f Chci dost\u00e1vat novinky a nab\u00eddky e-mailem<\/p>","protected":false},"author":1,"featured_media":0,"parent":0,"menu_order":0,"comment_status":"closed","ping_status":"closed","template":"","meta":{"content-type":"","footnotes":""},"class_list":["post-439","page","type-page","status-publish","hentry"],"yoast_head":"<!-- This site is optimized with the Yoast SEO plugin v26.2 - https:\/\/yoast.com\/wordpress\/plugins\/seo\/ -->\n<title>Book a trial class! - IT Focus Academy<\/title>\n<meta name=\"description\" content=\"Book a trial class!\" \/>\n<meta name=\"robots\" content=\"index, follow, max-snippet:-1, max-image-preview:large, max-video-preview:-1\" \/>\n<link rel=\"canonical\" href=\"https:\/\/itfocusacademy.cz\/cz\/book-a-trial-class\/\" \/>\n<meta property=\"og:locale\" content=\"cs_CZ\" \/>\n<meta property=\"og:type\" content=\"article\" \/>\n<meta property=\"og:title\" content=\"Book a trial class! - IT Focus Academy\" \/>\n<meta property=\"og:description\" content=\"Book a trial class!\" \/>\n<meta property=\"og:url\" content=\"https:\/\/itfocusacademy.cz\/cz\/book-a-trial-class\/\" \/>\n<meta property=\"og:site_name\" content=\"IT Focus Academy\" \/>\n<meta property=\"article:publisher\" content=\"https:\/\/www.facebook.com\/itfocusacademy\/\" \/>\n<meta property=\"article:modified_time\" content=\"2025-08-26T14:02:14+00:00\" \/>\n<meta name=\"twitter:card\" content=\"summary_large_image\" \/>\n<meta name=\"twitter:label1\" content=\"Odhadovan\u00e1 doba \u010dten\u00ed\" \/>\n\t<meta name=\"twitter:data1\" content=\"1 minuta\" \/>\n<script type=\"application\/ld+json\" class=\"yoast-schema-graph\">{\"@context\":\"https:\/\/schema.org\",\"@graph\":[{\"@type\":\"WebPage\",\"@id\":\"https:\/\/itfocusacademy.cz\/book-a-trial-class\/\",\"url\":\"https:\/\/itfocusacademy.cz\/book-a-trial-class\/\",\"name\":\"Book a trial class! - IT Focus Academy\",\"isPartOf\":{\"@id\":\"https:\/\/itfocusacademy.cz\/#website\"},\"datePublished\":\"2025-07-10T06:19:23+00:00\",\"dateModified\":\"2025-08-26T14:02:14+00:00\",\"description\":\"Book a trial class!\",\"breadcrumb\":{\"@id\":\"https:\/\/itfocusacademy.cz\/book-a-trial-class\/#breadcrumb\"},\"inLanguage\":\"cs\",\"potentialAction\":[{\"@type\":\"ReadAction\",\"target\":[\"https:\/\/itfocusacademy.cz\/book-a-trial-class\/\"]}]},{\"@type\":\"BreadcrumbList\",\"@id\":\"https:\/\/itfocusacademy.cz\/book-a-trial-class\/#breadcrumb\",\"itemListElement\":[{\"@type\":\"ListItem\",\"position\":1,\"name\":\"Home\",\"item\":\"https:\/\/itfocusacademy.cz\/\"},{\"@type\":\"ListItem\",\"position\":2,\"name\":\"Book a trial class!\"}]},{\"@type\":\"WebSite\",\"@id\":\"https:\/\/itfocusacademy.cz\/#website\",\"url\":\"https:\/\/itfocusacademy.cz\/\",\"name\":\"IT Focus Academy\",\"description\":\"\",\"publisher\":{\"@id\":\"https:\/\/itfocusacademy.cz\/#organization\"},\"potentialAction\":[{\"@type\":\"SearchAction\",\"target\":{\"@type\":\"EntryPoint\",\"urlTemplate\":\"https:\/\/itfocusacademy.cz\/?s={search_term_string}\"},\"query-input\":{\"@type\":\"PropertyValueSpecification\",\"valueRequired\":true,\"valueName\":\"search_term_string\"}}],\"inLanguage\":\"cs\"},{\"@type\":\"Organization\",\"@id\":\"https:\/\/itfocusacademy.cz\/#organization\",\"name\":\"IT Focus Academy\",\"url\":\"https:\/\/itfocusacademy.cz\/\",\"logo\":{\"@type\":\"ImageObject\",\"inLanguage\":\"cs\",\"@id\":\"https:\/\/itfocusacademy.cz\/#\/schema\/logo\/image\/\",\"url\":\"https:\/\/itfocusacademy.cz\/wp-content\/uploads\/2025\/06\/03-scaled.png\",\"contentUrl\":\"https:\/\/itfocusacademy.cz\/wp-content\/uploads\/2025\/06\/03-scaled.png\",\"width\":2560,\"height\":745,\"caption\":\"IT Focus Academy\"},\"image\":{\"@id\":\"https:\/\/itfocusacademy.cz\/#\/schema\/logo\/image\/\"},\"sameAs\":[\"https:\/\/www.facebook.com\/itfocusacademy\/\",\"https:\/\/www.instagram.com\/itfocusacademy\/\"]}]}<\/script>\n<!-- \/ Yoast SEO plugin. -->","yoast_head_json":{"title":"Book a trial class! - IT Focus Academy","description":"Rezervujte si zku\u0161ebn\u00ed hodinu!","robots":{"index":"index","follow":"follow","max-snippet":"max-snippet:-1","max-image-preview":"max-image-preview:large","max-video-preview":"max-video-preview:-1"},"canonical":"https:\/\/itfocusacademy.cz\/cz\/book-a-trial-class\/","og_locale":"cs_CZ","og_type":"article","og_title":"Book a trial class! - IT Focus Academy","og_description":"Book a trial class!","og_url":"https:\/\/itfocusacademy.cz\/cz\/book-a-trial-class\/","og_site_name":"IT Focus Academy","article_publisher":"https:\/\/www.facebook.com\/itfocusacademy\/","article_modified_time":"2025-08-26T14:02:14+00:00","twitter_card":"summary_large_image","twitter_misc":{"Odhadovan\u00e1 doba \u010dten\u00ed":"1 minuta"},"schema":{"@context":"https:\/\/schema.org","@graph":[{"@type":"WebPage","@id":"https:\/\/itfocusacademy.cz\/book-a-trial-class\/","url":"https:\/\/itfocusacademy.cz\/book-a-trial-class\/","name":"Book a trial class! - IT Focus Academy","isPartOf":{"@id":"https:\/\/itfocusacademy.cz\/#website"},"datePublished":"2025-07-10T06:19:23+00:00","dateModified":"2025-08-26T14:02:14+00:00","description":"Rezervujte si zku\u0161ebn\u00ed hodinu!","breadcrumb":{"@id":"https:\/\/itfocusacademy.cz\/book-a-trial-class\/#breadcrumb"},"inLanguage":"cs","potentialAction":[{"@type":"ReadAction","target":["https:\/\/itfocusacademy.cz\/book-a-trial-class\/"]}]},{"@type":"BreadcrumbList","@id":"https:\/\/itfocusacademy.cz\/book-a-trial-class\/#breadcrumb","itemListElement":[{"@type":"ListItem","position":1,"name":"Home","item":"https:\/\/itfocusacademy.cz\/"},{"@type":"ListItem","position":2,"name":"Book a trial class!"}]},{"@type":"WebSite","@id":"https:\/\/itfocusacademy.cz\/#website","url":"https:\/\/itfocusacademy.cz\/","name":"IT Focus Academy","description":"","publisher":{"@id":"https:\/\/itfocusacademy.cz\/#organization"},"potentialAction":[{"@type":"SearchAction","target":{"@type":"EntryPoint","urlTemplate":"https:\/\/itfocusacademy.cz\/?s={search_term_string}"},"query-input":{"@type":"PropertyValueSpecification","valueRequired":true,"valueName":"search_term_string"}}],"inLanguage":"cs"},{"@type":"Organization","@id":"https:\/\/itfocusacademy.cz\/#organization","name":"IT Focus Academy","url":"https:\/\/itfocusacademy.cz\/","logo":{"@type":"ImageObject","inLanguage":"cs","@id":"https:\/\/itfocusacademy.cz\/#\/schema\/logo\/image\/","url":"https:\/\/itfocusacademy.cz\/wp-content\/uploads\/2025\/06\/03-scaled.png","contentUrl":"https:\/\/itfocusacademy.cz\/wp-content\/uploads\/2025\/06\/03-scaled.png","width":2560,"height":745,"caption":"IT Focus Academy"},"image":{"@id":"https:\/\/itfocusacademy.cz\/#\/schema\/logo\/image\/"},"sameAs":["https:\/\/www.facebook.com\/itfocusacademy\/","https:\/\/www.instagram.com\/itfocusacademy\/"]}]}},"_links":{"self":[{"href":"https:\/\/itfocusacademy.cz\/cz\/wp-json\/wp\/v2\/pages\/439","targetHints":{"allow":["GET"]}}],"collection":[{"href":"https:\/\/itfocusacademy.cz\/cz\/wp-json\/wp\/v2\/pages"}],"about":[{"href":"https:\/\/itfocusacademy.cz\/cz\/wp-json\/wp\/v2\/types\/page"}],"author":[{"embeddable":true,"href":"https:\/\/itfocusacademy.cz\/cz\/wp-json\/wp\/v2\/users\/1"}],"replies":[{"embeddable":true,"href":"https:\/\/itfocusacademy.cz\/cz\/wp-json\/wp\/v2\/comments?post=439"}],"version-history":[{"count":15,"href":"https:\/\/itfocusacademy.cz\/cz\/wp-json\/wp\/v2\/pages\/439\/revisions"}],"predecessor-version":[{"id":851,"href":"https:\/\/itfocusacademy.cz\/cz\/wp-json\/wp\/v2\/pages\/439\/revisions\/851"}],"wp:attachment":[{"href":"https:\/\/itfocusacademy.cz\/cz\/wp-json\/wp\/v2\/media?parent=439"}],"curies":[{"name":"wp","href":"https:\/\/api.w.org\/{rel}","templated":true}]}}