{"id":813,"date":"2025-08-19T13:07:04","date_gmt":"2025-08-19T13:07:04","guid":{"rendered":"https:\/\/itfocusacademy.cz\/?page_id=813"},"modified":"2025-08-19T13:07:30","modified_gmt":"2025-08-19T13:07:30","slug":"cookie-policy","status":"publish","type":"page","link":"https:\/\/itfocusacademy.cz\/cz\/cookie-policy\/","title":{"rendered":"<br>Cookie Policy"},"content":{"rendered":"<ol class=\"wp-block-list\">\n<li><strong>SOUBORY COOKIES<\/strong><\/li>\n<\/ol>\n\n\n\n<p>Spole\u010dnost vyu\u017e\u00edv\u00e1 na sv\u00fdch webov\u00fdch str\u00e1nk\u00e1ch soubory cookies a obdobn\u00e9 sledovac\u00ed technologie. Cookies jsou mal\u00e9 textov\u00e9 soubory ukl\u00e1dan\u00e9 do za\u0159\u00edzen\u00ed u\u017eivatele, kter\u00e9 umo\u017e\u0148uj\u00ed webov\u00fdm str\u00e1nk\u00e1m zaznamen\u00e1vat informace o n\u00e1v\u0161t\u011bv\u011b konkr\u00e9tn\u00edho u\u017eivatele a rozpoznat jej p\u0159i dal\u0161\u00ed n\u00e1v\u0161t\u011bv\u011b. N\u011bkter\u00e9 cookies jsou nezbytn\u00e9 pro fungov\u00e1n\u00ed str\u00e1nek, jin\u00e9 slou\u017e\u00ed pro analytick\u00e9 nebo marketingov\u00e9 \u00fa\u010dely.<\/p>\n\n\n\n<p>Spole\u010dnost pou\u017e\u00edv\u00e1 cookies zejm\u00e9na za \u00fa\u010delem zaji\u0161t\u011bn\u00ed funk\u010dnosti webov\u00fdch str\u00e1nek, m\u011b\u0159en\u00ed n\u00e1v\u0161t\u011bvnosti a zlep\u0161ov\u00e1n\u00ed u\u017eivatelsk\u00e9 p\u0159\u00edv\u011btivosti, a d\u00e1le k vyhodnocov\u00e1n\u00ed \u00fa\u010dinnosti marketingov\u00fdch kampan\u00ed nebo zobrazov\u00e1n\u00ed relevantn\u00edch reklam. V r\u00e1mci toho m\u016f\u017ee doch\u00e1zet ke zpracov\u00e1n\u00ed \u00fadaj\u016f o IP adrese, za\u0159\u00edzen\u00ed nebo chov\u00e1n\u00ed n\u00e1v\u0161t\u011bvn\u00edka na webu, a to prost\u0159ednictv\u00edm n\u00e1stroj\u016f t\u0159et\u00edch stran (nap\u0159. Google Analytics, Meta Pixel, Hotjar nebo Microsoft Clarity). Tyto n\u00e1stroje mohou uchov\u00e1vat informace v souladu s podm\u00ednkami sv\u00fdch poskytovatel\u016f.<\/p>\n\n\n\n<ul class=\"wp-block-list\">\n<li><strong>Technicky nezbytn\u00e9 cookies<\/strong>: Tyto jsou nutn\u00e9 pro z\u00e1kladn\u00ed fungov\u00e1n\u00ed webu (nap\u0159. ulo\u017een\u00ed Va\u0161\u00ed volby jazyka \u010di cookie banneru). Nelze je vypnout, proto\u017ee bez nich by web nefungoval spr\u00e1vn\u011b. Tyto cookies nezpracov\u00e1vaj\u00ed \u017e\u00e1dn\u00e9 osobn\u00ed \u00fadaje pro marketing.<\/li>\n\n\n\n<li><strong>Analytick\u00e9 cookies<\/strong>: S Va\u0161\u00edm souhlasem pou\u017e\u00edv\u00e1me analytick\u00e9 n\u00e1stroje (Google Analytics, Hotjar\/Clarity) k\u00a0pochopen\u00ed, jak n\u00e1v\u0161t\u011bvn\u00edci web vyu\u017e\u00edvaj\u00ed. D\u00edky nim v\u00edme nap\u0159\u00edklad, kter\u00e9 str\u00e1nky jsou nejnav\u0161t\u011bvovan\u011bj\u0161\u00ed a odkud k\u00a0n\u00e1m u\u017eivatel\u00e9 p\u0159ich\u00e1zej\u00ed. Informace z t\u011bchto cookies jsou agregovan\u00e9 a anonymn\u00ed (nebo anonymizovan\u00e9). Nepovolen\u00ed t\u011bchto cookies n\u00e1m br\u00e1n\u00ed z\u00edskat cennou zp\u011btnou vazbu pro zlep\u0161ov\u00e1n\u00ed webu.<\/li>\n\n\n\n<li><strong>Marketingov\u00e9 cookies<\/strong>: Jedn\u00e1 se o cookies t\u0159et\u00edch stran (Google, Facebook), kter\u00e9 n\u00e1m umo\u017e\u0148uj\u00ed zobrazovat V\u00e1m c\u00edlenou reklamu na z\u00e1klad\u011b Va\u0161ich z\u00e1jm\u016f a m\u011b\u0159it efektivitu reklamn\u00edch kampan\u00ed. Tyto cookies sleduj\u00ed u\u017eivatele nap\u0159\u00ed\u010d weby. Pokud je nepovol\u00edte, bude se V\u00e1m zobrazovat jen obecn\u00e1, m\u00e9n\u011b relevantn\u00ed reklama a my nebudeme v\u011bd\u011bt, zda jste nav\u0161t\u00edvili n\u00e1\u0161 web z reklamy.<\/li>\n<\/ul>\n\n\n\n<p><strong>Nastaven\u00ed cookies<\/strong>: V\u011bt\u0161ina webov\u00fdch prohl\u00ed\u017ee\u010d\u016f p\u0159ij\u00edm\u00e1 soubory cookies automaticky. Poskytuj\u00ed v\u0161ak ovl\u00e1dac\u00ed prvky, kter\u00e9 umo\u017e\u0148uj\u00ed jejich blokov\u00e1n\u00ed nebo odstran\u011bn\u00ed. U\u017eivatel\u00e9 webov\u00e9 str\u00e1nky jsou tak opr\u00e1vn\u011bni nastavit sv\u016fj prohl\u00ed\u017ee\u010d tak, aby bylo pou\u017e\u00edv\u00e1n\u00ed cookies na jejich po\u010d\u00edta\u010di zabr\u00e1n\u011bno. Pokyny k&nbsp;blokov\u00e1n\u00ed nebo odstra\u0148ov\u00e1n\u00ed soubor\u016f cookies v prohl\u00ed\u017ee\u010d\u00edch lze zpravidla nal\u00e9zt v&nbsp;z\u00e1sad\u00e1ch ochrany osobn\u00edch \u00fadaj\u016f nebo v dokumentaci n\u00e1pov\u011bdy jednotliv\u00fdch prohl\u00ed\u017ee\u010d\u016f.<\/p>","protected":false},"excerpt":{"rendered":"<p>Spole\u010dnost vyu\u017e\u00edv\u00e1 na sv\u00fdch webov\u00fdch str\u00e1nk\u00e1ch soubory cookies a obdobn\u00e9 sledovac\u00ed technologie. Cookies jsou mal\u00e9 textov\u00e9 soubory ukl\u00e1dan\u00e9 do za\u0159\u00edzen\u00ed u\u017eivatele, kter\u00e9 umo\u017e\u0148uj\u00ed webov\u00fdm str\u00e1nk\u00e1m zaznamen\u00e1vat informace o n\u00e1v\u0161t\u011bv\u011b konkr\u00e9tn\u00edho u\u017eivatele a rozpoznat jej p\u0159i dal\u0161\u00ed n\u00e1v\u0161t\u011bv\u011b. N\u011bkter\u00e9 cookies jsou nezbytn\u00e9 pro fungov\u00e1n\u00ed str\u00e1nek, jin\u00e9 slou\u017e\u00ed pro analytick\u00e9 nebo marketingov\u00e9 \u00fa\u010dely. Spole\u010dnost pou\u017e\u00edv\u00e1 cookies zejm\u00e9na [&hellip;]<\/p>","protected":false},"author":1,"featured_media":0,"parent":0,"menu_order":0,"comment_status":"closed","ping_status":"closed","template":"","meta":{"content-type":"","footnotes":""},"class_list":["post-813","page","type-page","status-publish","hentry"],"yoast_head":"<!-- This site is optimized with the Yoast SEO plugin v26.2 - https:\/\/yoast.com\/wordpress\/plugins\/seo\/ -->\n<title>Cookie Policy - IT Focus Academy<\/title>\n<meta name=\"description\" content=\"Cookie Policy\" \/>\n<meta name=\"robots\" content=\"index, follow, max-snippet:-1, max-image-preview:large, max-video-preview:-1\" \/>\n<link rel=\"canonical\" href=\"https:\/\/itfocusacademy.cz\/cz\/cookie-policy\/\" \/>\n<meta property=\"og:locale\" content=\"cs_CZ\" \/>\n<meta property=\"og:type\" content=\"article\" \/>\n<meta property=\"og:title\" content=\"Cookie Policy - IT Focus Academy\" \/>\n<meta property=\"og:description\" content=\"Cookie Policy\" \/>\n<meta property=\"og:url\" content=\"https:\/\/itfocusacademy.cz\/cz\/cookie-policy\/\" \/>\n<meta property=\"og:site_name\" content=\"IT Focus Academy\" \/>\n<meta property=\"article:publisher\" content=\"https:\/\/www.facebook.com\/itfocusacademy\/\" \/>\n<meta property=\"article:modified_time\" content=\"2025-08-19T13:07:30+00:00\" \/>\n<meta name=\"twitter:card\" content=\"summary_large_image\" \/>\n<meta name=\"twitter:label1\" content=\"Odhadovan\u00e1 doba \u010dten\u00ed\" \/>\n\t<meta name=\"twitter:data1\" content=\"2 minuty\" \/>\n<script type=\"application\/ld+json\" class=\"yoast-schema-graph\">{\"@context\":\"https:\/\/schema.org\",\"@graph\":[{\"@type\":\"WebPage\",\"@id\":\"https:\/\/itfocusacademy.cz\/cz\/cookie-policy\/\",\"url\":\"https:\/\/itfocusacademy.cz\/cz\/cookie-policy\/\",\"name\":\"Cookie Policy - IT Focus Academy\",\"isPartOf\":{\"@id\":\"https:\/\/itfocusacademy.cz\/#website\"},\"datePublished\":\"2025-08-19T13:07:04+00:00\",\"dateModified\":\"2025-08-19T13:07:30+00:00\",\"description\":\"Cookie Policy\",\"breadcrumb\":{\"@id\":\"https:\/\/itfocusacademy.cz\/cz\/cookie-policy\/#breadcrumb\"},\"inLanguage\":\"cs\",\"potentialAction\":[{\"@type\":\"ReadAction\",\"target\":[\"https:\/\/itfocusacademy.cz\/cz\/cookie-policy\/\"]}]},{\"@type\":\"BreadcrumbList\",\"@id\":\"https:\/\/itfocusacademy.cz\/cz\/cookie-policy\/#breadcrumb\",\"itemListElement\":[{\"@type\":\"ListItem\",\"position\":1,\"name\":\"Home\",\"item\":\"https:\/\/itfocusacademy.cz\/\"},{\"@type\":\"ListItem\",\"position\":2,\"name\":\"Cookie Policy\"}]},{\"@type\":\"WebSite\",\"@id\":\"https:\/\/itfocusacademy.cz\/#website\",\"url\":\"https:\/\/itfocusacademy.cz\/\",\"name\":\"IT Focus Academy\",\"description\":\"\",\"publisher\":{\"@id\":\"https:\/\/itfocusacademy.cz\/#organization\"},\"potentialAction\":[{\"@type\":\"SearchAction\",\"target\":{\"@type\":\"EntryPoint\",\"urlTemplate\":\"https:\/\/itfocusacademy.cz\/?s={search_term_string}\"},\"query-input\":{\"@type\":\"PropertyValueSpecification\",\"valueRequired\":true,\"valueName\":\"search_term_string\"}}],\"inLanguage\":\"cs\"},{\"@type\":\"Organization\",\"@id\":\"https:\/\/itfocusacademy.cz\/#organization\",\"name\":\"IT Focus Academy\",\"url\":\"https:\/\/itfocusacademy.cz\/\",\"logo\":{\"@type\":\"ImageObject\",\"inLanguage\":\"cs\",\"@id\":\"https:\/\/itfocusacademy.cz\/#\/schema\/logo\/image\/\",\"url\":\"https:\/\/itfocusacademy.cz\/wp-content\/uploads\/2025\/06\/03-scaled.png\",\"contentUrl\":\"https:\/\/itfocusacademy.cz\/wp-content\/uploads\/2025\/06\/03-scaled.png\",\"width\":2560,\"height\":745,\"caption\":\"IT Focus Academy\"},\"image\":{\"@id\":\"https:\/\/itfocusacademy.cz\/#\/schema\/logo\/image\/\"},\"sameAs\":[\"https:\/\/www.facebook.com\/itfocusacademy\/\",\"https:\/\/www.instagram.com\/itfocusacademy\/\"]}]}<\/script>\n<!-- \/ Yoast SEO plugin. -->","yoast_head_json":{"title":"Cookie Policy - IT Focus Academy","description":"Cookie Policy","robots":{"index":"index","follow":"follow","max-snippet":"max-snippet:-1","max-image-preview":"max-image-preview:large","max-video-preview":"max-video-preview:-1"},"canonical":"https:\/\/itfocusacademy.cz\/cz\/cookie-policy\/","og_locale":"cs_CZ","og_type":"article","og_title":"Cookie Policy - IT Focus Academy","og_description":"Cookie Policy","og_url":"https:\/\/itfocusacademy.cz\/cz\/cookie-policy\/","og_site_name":"IT Focus Academy","article_publisher":"https:\/\/www.facebook.com\/itfocusacademy\/","article_modified_time":"2025-08-19T13:07:30+00:00","twitter_card":"summary_large_image","twitter_misc":{"Odhadovan\u00e1 doba \u010dten\u00ed":"2 minuty"},"schema":{"@context":"https:\/\/schema.org","@graph":[{"@type":"WebPage","@id":"https:\/\/itfocusacademy.cz\/cz\/cookie-policy\/","url":"https:\/\/itfocusacademy.cz\/cz\/cookie-policy\/","name":"Cookie Policy - IT Focus Academy","isPartOf":{"@id":"https:\/\/itfocusacademy.cz\/#website"},"datePublished":"2025-08-19T13:07:04+00:00","dateModified":"2025-08-19T13:07:30+00:00","description":"Cookie Policy","breadcrumb":{"@id":"https:\/\/itfocusacademy.cz\/cz\/cookie-policy\/#breadcrumb"},"inLanguage":"cs","potentialAction":[{"@type":"ReadAction","target":["https:\/\/itfocusacademy.cz\/cz\/cookie-policy\/"]}]},{"@type":"BreadcrumbList","@id":"https:\/\/itfocusacademy.cz\/cz\/cookie-policy\/#breadcrumb","itemListElement":[{"@type":"ListItem","position":1,"name":"Home","item":"https:\/\/itfocusacademy.cz\/"},{"@type":"ListItem","position":2,"name":"Cookie Policy"}]},{"@type":"WebSite","@id":"https:\/\/itfocusacademy.cz\/#website","url":"https:\/\/itfocusacademy.cz\/","name":"IT Focus Academy","description":"","publisher":{"@id":"https:\/\/itfocusacademy.cz\/#organization"},"potentialAction":[{"@type":"SearchAction","target":{"@type":"EntryPoint","urlTemplate":"https:\/\/itfocusacademy.cz\/?s={search_term_string}"},"query-input":{"@type":"PropertyValueSpecification","valueRequired":true,"valueName":"search_term_string"}}],"inLanguage":"cs"},{"@type":"Organization","@id":"https:\/\/itfocusacademy.cz\/#organization","name":"IT Focus Academy","url":"https:\/\/itfocusacademy.cz\/","logo":{"@type":"ImageObject","inLanguage":"cs","@id":"https:\/\/itfocusacademy.cz\/#\/schema\/logo\/image\/","url":"https:\/\/itfocusacademy.cz\/wp-content\/uploads\/2025\/06\/03-scaled.png","contentUrl":"https:\/\/itfocusacademy.cz\/wp-content\/uploads\/2025\/06\/03-scaled.png","width":2560,"height":745,"caption":"IT Focus Academy"},"image":{"@id":"https:\/\/itfocusacademy.cz\/#\/schema\/logo\/image\/"},"sameAs":["https:\/\/www.facebook.com\/itfocusacademy\/","https:\/\/www.instagram.com\/itfocusacademy\/"]}]}},"_links":{"self":[{"href":"https:\/\/itfocusacademy.cz\/cz\/wp-json\/wp\/v2\/pages\/813","targetHints":{"allow":["GET"]}}],"collection":[{"href":"https:\/\/itfocusacademy.cz\/cz\/wp-json\/wp\/v2\/pages"}],"about":[{"href":"https:\/\/itfocusacademy.cz\/cz\/wp-json\/wp\/v2\/types\/page"}],"author":[{"embeddable":true,"href":"https:\/\/itfocusacademy.cz\/cz\/wp-json\/wp\/v2\/users\/1"}],"replies":[{"embeddable":true,"href":"https:\/\/itfocusacademy.cz\/cz\/wp-json\/wp\/v2\/comments?post=813"}],"version-history":[{"count":2,"href":"https:\/\/itfocusacademy.cz\/cz\/wp-json\/wp\/v2\/pages\/813\/revisions"}],"predecessor-version":[{"id":815,"href":"https:\/\/itfocusacademy.cz\/cz\/wp-json\/wp\/v2\/pages\/813\/revisions\/815"}],"wp:attachment":[{"href":"https:\/\/itfocusacademy.cz\/cz\/wp-json\/wp\/v2\/media?parent=813"}],"curies":[{"name":"wp","href":"https:\/\/api.w.org\/{rel}","templated":true}]}}